{"id":1448,"date":"2024-03-22T16:39:34","date_gmt":"2024-03-22T15:39:34","guid":{"rendered":"https:\/\/santenature.fr\/?page_id=1448"},"modified":"2024-03-22T16:39:34","modified_gmt":"2024-03-22T15:39:34","slug":"accueil","status":"publish","type":"page","link":"https:\/\/santenature.websitedesign.fr\/?page_id=1448","title":{"rendered":"Accueil"},"content":{"rendered":"<h2>Beaut\u00e9<\/h2>\n<p>\t\t\t<a role=\"button\"><br \/>\n\t\t\t\t\t\tLire les actualit\u00e9s Beaut\u00e9<br \/>\n\t\t\t\t\t<\/a><\/p>\n<h2>Cosm\u00e9tique<\/h2>\n<p>\t\t\t<a role=\"button\"><br \/>\n\t\t\t\t\t\tLire les actualit\u00e9s Cosm\u00e9tique<br \/>\n\t\t\t\t\t<\/a><\/p>\n<h2>Sant\u00e9<\/h2>\n<p>\t\t\t<a role=\"button\"><br \/>\n\t\t\t\t\t\tLire les actualit\u00e9s Sant\u00e9<br \/>\n\t\t\t\t\t<\/a><\/p>\n<h2>Bien \u00eatre<\/h2>\n<p>\t\t\t<a role=\"button\"><br \/>\n\t\t\t\t\t\tLire les actualit\u00e9s Bien \u00eatre<br \/>\n\t\t\t\t\t<\/a><\/p>\n","protected":false},"excerpt":{"rendered":"<p>Beaut\u00e9 Lire les actualit\u00e9s Beaut\u00e9 Cosm\u00e9tique Lire les actualit\u00e9s Cosm\u00e9tique Sant\u00e9 Lire les actualit\u00e9s Sant\u00e9 Bien \u00eatre Lire les actualit\u00e9s Bien \u00eatre<\/p>\n","protected":false},"author":1,"featured_media":0,"parent":0,"menu_order":0,"comment_status":"closed","ping_status":"closed","template":"","meta":{"footnotes":""},"class_list":["post-1448","page","type-page","status-publish","hentry"],"_links":{"self":[{"href":"https:\/\/santenature.websitedesign.fr\/index.php?rest_route=\/wp\/v2\/pages\/1448","targetHints":{"allow":["GET"]}}],"collection":[{"href":"https:\/\/santenature.websitedesign.fr\/index.php?rest_route=\/wp\/v2\/pages"}],"about":[{"href":"https:\/\/santenature.websitedesign.fr\/index.php?rest_route=\/wp\/v2\/types\/page"}],"author":[{"embeddable":true,"href":"https:\/\/santenature.websitedesign.fr\/index.php?rest_route=\/wp\/v2\/users\/1"}],"replies":[{"embeddable":true,"href":"https:\/\/santenature.websitedesign.fr\/index.php?rest_route=%2Fwp%2Fv2%2Fcomments&post=1448"}],"version-history":[{"count":0,"href":"https:\/\/santenature.websitedesign.fr\/index.php?rest_route=\/wp\/v2\/pages\/1448\/revisions"}],"wp:attachment":[{"href":"https:\/\/santenature.websitedesign.fr\/index.php?rest_route=%2Fwp%2Fv2%2Fmedia&parent=1448"}],"curies":[{"name":"wp","href":"https:\/\/api.w.org\/{rel}","templated":true}]}}