{"id":16,"date":"2017-08-09T16:31:20","date_gmt":"2017-08-09T14:31:20","guid":{"rendered":"http:\/\/santenature.fr\/?page_id=16"},"modified":"2017-08-09T16:31:20","modified_gmt":"2017-08-09T14:31:20","slug":"qui-sommes-nous","status":"publish","type":"page","link":"https:\/\/santenature.websitedesign.fr\/?page_id=16","title":{"rendered":"Qui suis-je ?"},"content":{"rendered":"\n<h1 class=\"wp-block-heading\">Qui suis-je ?<\/h1>\n\n<p>Bonjour et bienvenue sur mon blog. Je m\u2019appelle Teresa, j\u2019ai d\u00e9cid\u00e9 de cr\u00e9er<strong> ce blog sant\u00e9 bien \u00eatre<\/strong> durant une p\u00e9riode de ma vie ou j\u2019avais un peu de temps. Le retour \u00e0 la nature au sein de notre vie est selon moi une chose essentielle et touche notre quotidien sur \u00e9norm\u00e9ment de sujets comme notre sant\u00e9, notre alimentation, notre bien-\u00eatre en g\u00e9n\u00e9ral et m\u00eame concernant d\u2019autres sujets plus annexes comme la cosm\u00e9tique et les produits qui en d\u00e9coulent.<\/p>\n<p>C\u2019est donc tout naturellement que j\u2019ai d\u00e9cid\u00e9 de faire de ses points les piliers fondamentaux de ce site. Les th\u00e9matiques principales tourneront donc g\u00e9n\u00e9ralement autour de ces axes qui me passionnent et qui passionnent de plus en plus de personnes \u00e0 travers le monde. Il est vrai que <strong>le bio et le retour \u00e0 la nature et au naturel sont des id\u00e9es qui prennent de plus en plus d\u2019importance \u00e0 l\u2019heure ou notre sant\u00e9 et notre \u00e9thique se retrouvent sans cesse remises en question par les industriels.<\/strong><\/p>\n<p>Ce blog n\u2019est pas un simple blog sant\u00e9 nutrition comme il en existe tant d\u2019autres, mais <strong>va plus loin en abordant \u00e9galement des sujets sur le bien-\u00eatre en g\u00e9n\u00e9ral et les produits cosm\u00e9tiques bio<\/strong> et naturels. Vous trouverez en somme des articles et billets relatifs \u00e0 la sant\u00e9 au sens large du terme, j\u2019aborde ici diff\u00e9rentes th\u00e9matiques relatives \u00e0 la sant\u00e9, en apportant ma vision des choses, parfois en vous donnant des id\u00e9es ou pistes d\u2019am\u00e9lioration. J\u2019aborde \u00e9galement le th\u00e8me de la nutrition car celle-ci va de pair avec une sant\u00e9 de fer, je traite bien \u00e9videment de l\u2019alimentation biologique mais \u00e9galement de sujets plus insoup\u00e7onn\u00e9s que je vous invite \u00e0 d\u00e9couvrir\u00a0 en parcourant ce blog. Le bien-\u00eatre est un point que j \u2018aborde \u00e9galement au sens large, en apportant encore une fois des pistes d\u2019am\u00e9lioration voire en proposant des produits ou services que j\u2019aurai pu\u00a0 tester, comme je pourrai \u00e9galement le faire lors de la r\u00e9daction de certains articles li\u00e9s \u00e0 la cosm\u00e9tique bio et naturelle.<\/p>\n<p>Au plaisir de pouvoir \u00e9changer avec vous, je vous souhaite un agr\u00e9able passage sur mon blog.<\/p>","protected":false},"excerpt":{"rendered":"<p>Qui suis-je ? Bonjour et bienvenue sur mon blog. Je m\u2019appelle Teresa, j\u2019ai d\u00e9cid\u00e9 de cr\u00e9er ce blog sant\u00e9 bien \u00eatre durant une p\u00e9riode de ma vie ou j\u2019avais un peu de temps. Le retour \u00e0 la nature au sein de notre vie est selon moi une chose essentielle et touche notre quotidien sur \u00e9norm\u00e9ment [&hellip;]<\/p>\n","protected":false},"author":1,"featured_media":0,"parent":0,"menu_order":0,"comment_status":"closed","ping_status":"closed","template":"","meta":{"footnotes":""},"class_list":["post-16","page","type-page","status-publish","hentry"],"_links":{"self":[{"href":"https:\/\/santenature.websitedesign.fr\/index.php?rest_route=\/wp\/v2\/pages\/16","targetHints":{"allow":["GET"]}}],"collection":[{"href":"https:\/\/santenature.websitedesign.fr\/index.php?rest_route=\/wp\/v2\/pages"}],"about":[{"href":"https:\/\/santenature.websitedesign.fr\/index.php?rest_route=\/wp\/v2\/types\/page"}],"author":[{"embeddable":true,"href":"https:\/\/santenature.websitedesign.fr\/index.php?rest_route=\/wp\/v2\/users\/1"}],"replies":[{"embeddable":true,"href":"https:\/\/santenature.websitedesign.fr\/index.php?rest_route=%2Fwp%2Fv2%2Fcomments&post=16"}],"version-history":[{"count":0,"href":"https:\/\/santenature.websitedesign.fr\/index.php?rest_route=\/wp\/v2\/pages\/16\/revisions"}],"wp:attachment":[{"href":"https:\/\/santenature.websitedesign.fr\/index.php?rest_route=%2Fwp%2Fv2%2Fmedia&parent=16"}],"curies":[{"name":"wp","href":"https:\/\/api.w.org\/{rel}","templated":true}]}}