{"id":45,"date":"2017-08-10T11:12:30","date_gmt":"2017-08-10T09:12:30","guid":{"rendered":"http:\/\/santenature.fr\/?page_id=45"},"modified":"2017-08-10T11:12:30","modified_gmt":"2017-08-10T09:12:30","slug":"faq-cosmetiques-bio","status":"publish","type":"page","link":"https:\/\/santenature.websitedesign.fr\/?page_id=45","title":{"rendered":"FAQ cosm\u00e9tiques bio"},"content":{"rendered":"\n<h1 class=\"has-large-font-size wp-block-heading\">FAQ cosm\u00e9tiques bio<\/h1>\n\n\n<h2>Quelle est la diff\u00e9rence entre une huile visage bio (huile d&#8217;argan) et une cr\u00e8me visage ?<\/h2>\n<p>Une cr\u00e8me a tendance a \u00eatre com\u00e9dog\u00e8ne (bouche les pores) et l&#8217;huile est non com\u00e9dog\u00e8ne. L&#8217;huile d&#8217;argan par exemple utilis\u00e9e par les berb\u00e8res depuis des mill\u00e9naires assouplit, prot\u00e8ge la peau, aide \u00e0 cicatriser de la naissance \u00e0 l&#8217;\u00e2ge adulte.<\/p>\n<h2>Quels sont les dangers r\u00e9els du Paraben ?<\/h2>\n<p>Les parabens constituent une famille de conservateurs dont la vocation est de lutter contre les champignons et bact\u00e9ries principalement utilis\u00e9s dans les produits cosm\u00e9tiques et agro alimentaires.<\/p>\n<p>Moins dangereux que les formaldehydes, ils sont cependant <strong>allergisants susceptibles aussi de perturber le syst\u00e8me endocrinien<\/strong> de part leur effet oestrog\u00e9nique.<\/p>\n<p>Les cosm\u00e9tiques bio, sans parabens, ont recours \u00e0 des conservateurs naturels.<\/p>\n<p>Cependant <strong>le danger des parabens n&#8217;a pas \u00e9t\u00e9 encore scientifiquement prouv\u00e9<\/strong> (la nature comportant elle m\u00eame des parabens comme le m\u00e9thylparaben pr\u00e9sent dans les myrtilles).<\/p>\n<h2>Quelle est la diff\u00e9rence entre un fluide et une cr\u00e8me ?<\/h2>\n<p>Le fluide ressemble \u00e0 la cr\u00e8me mais comme son nom l&#8217;indique, il est plus fluide qu&#8217;une cr\u00e8me. La cr\u00e8me s&#8217;adresse plut\u00f4t aux peaux s\u00e8ches et le fluide aux peaux mixtes, grasses ou jeunes.<\/p>\n<p>Pour toutes les peaux il est peut \u00eatre plus agr\u00e9able \u00e0 utiliser en \u00e9t\u00e9.<\/p>\n<h2>Combien de temps se conserve une fois ouvert un pot de cr\u00e8me visage bio ?<\/h2>\n<p>Les cr\u00e8mes bio sans conservateurs comme les parabens ont une conservation inf\u00e9rieure \u00e0 celles des cr\u00e8mes non bio. Il faut donc les jeter d\u00e8s quelle rancissent, les utiliser si possible avec une spatule et bien remettre la pellicule qui figure souvent avec le pot.<\/p>\n<h2>Pourquoi les cosm\u00e9tiques bio sont-ils plus chers ?<\/h2>\n<p><strong>Leur r\u00e9putation d&#8217;\u00eatre plus cher n&#8217;est pas forc\u00e9ment prouv\u00e9e.<\/strong> Les cr\u00e8mes visages et corps bio sont moins on\u00e9reuses que les soins de cosm\u00e9tiques industrielles dit haut de gamme.<\/p>\n<p>Les savons sont moins on\u00e9reux \u00e0 l&#8217;usage que les gels douches non bio. <strong>Les shampoings bio en revanche peuvent \u00eatre plus on\u00e9reux que la moyenne car leur mousse est plus difficile \u00e0 formuler.<\/strong><\/p>\n<h2>Quel est l&#8217;avantage d&#8217;un cosm\u00e9tique bio ?<\/h2>\n<p>Les cosm\u00e9tiques bio sont \u00e9labor\u00e9s \u00e0 partir de mati\u00e8res premi\u00e8res naturelles enrichies en vitamines et acides gras naturels donc <strong>plus proches de la nature et du corps humain.<\/strong><\/p>\n<p>Ils pr\u00e9servent en outre l&#8217;environnement (ingr\u00e9dient bio d\u00e9gradables, emballage le plus souvent recycl\u00e9 et toujours recyclable).<\/p>\n<h2>Les cosm\u00e9tiques Bio sont-ils parfois test\u00e9s sur les animaux ?<\/h2>\n<p>Non, fort heureusement ils ne sont jamais test\u00e9s sur les pauvres et malheureux animaux de laboratoires.<\/p>\n<h2>Le savon d&#8217;Alep bio est-il dess\u00e9chant pour la peau ?<\/h2>\n<p>Le savon d&#8217;Alep est avant tout un savon qui lave bien. Le vrai savon certifi\u00e9 d&#8217;Alep doit comporter 80 \u00e0 95% d&#8217;huile d&#8217;olive. Il est donc hydratant \u00e9galement.<\/p>\n<p>La pr\u00e9sence d&#8217;huile de laurier et non d&#8217;huile essentielle de laurier se charge d&#8217;apaiser et de d\u00e9sinfecter. Au final, un vrai soin pour la peau s&#8217;il est bien rinc\u00e9 et bien utilis\u00e9.<\/p>\n<h2>Les cosm\u00e9tiques bio sont ils tol\u00e9r\u00e9s par toutes les peaux m\u00eame tr\u00e8s sensibles ?<\/h2>\n<p>H\u00e9las, <strong>les cosm\u00e9tiques bio ne nous mettent pas \u00e0 l&#8217;abri de toutes les allergies<\/strong>, un terrain allergique peut ne pas tol\u00e9rer certaines huiles essentielles, certains extraits de plantes m\u00eames naturels. Pour un terrain allergique, il est donc fortement conseill\u00e9 de tester le produit avant l&#8217;emploi.<\/p>\n<h2>Pourquoi une huile est meilleure pour lutter contre les points noirs ?<\/h2>\n<p>L&#8217;huile d&#8217;argan par exemple est pr\u00e9conis\u00e9e en pharmacop\u00e9e marocaine pour soigner acn\u00e9 et points noirs. Une bonne huile v\u00e9g\u00e9tale en g\u00e9n\u00e9ral nourrit, r\u00e9g\u00e9n\u00e8re et laisse la peau respirer.<\/p>\n<h2>Pourquoi les grands lobbies commencent-ils seulement \u00e0 se placer sur le march\u00e9 des cosm\u00e9tiques bio ?<\/h2>\n<p>Vu l&#8217;engouement que suscite les cosm\u00e9tiques bio, tous les articles r\u00e9dig\u00e9s en leurs faveurs, il est logique que les grands lobbies se tournent vers ce cr\u00e9neaux porteur.<\/p>\n<h2>Les shampooing bio moussent moins: sont-ils aussi efficaces ?<\/h2>\n<p>Un shampoing est essentiellement compos\u00e9 d&#8217;eau et d&#8217;agents lavants appel\u00e9s tensio actif. Moins le shampoing mousse moins il va comporter de tensio actifs d\u00e9capants.<\/p>\n<p>Plus il comporte de tensio actifs doux et naturels moins il mousse. Songeons \u00e0 nos shampooings de grand m\u00e8re au rhum et \u00e0 l&#8217;oeuf. Stop \u00e0 la mousse, inutile r\u00e9sultat d&#8217;interactions chimiques!<\/p>\n<h2>Les parfums bio peuvent-ils avoir une tenue comparable aux autres ?<\/h2>\n<p>Oui, bien s\u00fbr, avec leur <strong>100% d&#8217;ingr\u00e9dients naturels dont 10% issus de l&#8217;agriculture biologique les parfums bio ne sont ni plus l\u00e9gers, ni plus volatils que les autres<\/strong>. Comme un parfum classique, certaines essences s&#8217;av\u00e8rent \u00eatre plus tenaces que d&#8217;autres et un &#8220;nez averti&#8221; ne pourra confondre le parfum de synth\u00e8se et le vrai parfum issu de la nature apprivois\u00e9e.<\/p>\n<h2>Les d\u00e9odorants bio freinent-ils la transpiration?<\/h2>\n<p>Le d\u00e9odorant bio a pour mission de d\u00e9truire les bact\u00e9ries responsables des mauvaises odeurs (pr\u00e9sence souvent d&#8217;huiles essentielles). En revanche, il ne supprime par la transpiration et respecte ainsi la saine \u00e9vacuation des toxines par les glandes sudoripares maintenues en fonction.<\/p>\n<h2>Les d\u00e9odorants \u00e0 la pierre d&#8217;Alun sont-ils d\u00e9pourvus de tout danger \u00e0 la longue ?<\/h2>\n<p>Les d\u00e9odorants ne mettent pas \u00e0 l&#8217;abri des allergie provoqu\u00e9es par exemple par une intol\u00e9rance \u00e0 certaines huiles essentielles.<\/p>\n<p>Quant \u00e0 la pierre d&#8217;Alun, souvent remise en question actuellement, elle est normalement naturelle, extraite dans les mines alunites en Syrie. Mais on trouve aussi de la pierre d&#8217;alun synth\u00e9tique issue de l&#8217;industrie chimique. Le potassium naturel de la pierre est dans ce cas remplac\u00e9 par de l&#8217;ammonium synth\u00e9tique.<\/p>\n<p>La v\u00e9ritable pierre d&#8217;Alun ne lib\u00e8re pas de l&#8217;ammonium puisque qu&#8217;elle n&#8217;en contient pas et ne p\u00e9n\u00e8tre pas dans l&#8217;\u00e9piderme. Il est donc indispensable d&#8217;\u00eatre tr\u00e8s vigilant avant d&#8217;acheter une pierre d&#8217;alun et de bien lire les \u00e9tiquettes.<\/p>\n<h2>Peut-on utiliser les Huiles Essentielles pures ?<\/h2>\n<p>Nous n&#8217;\u00e9voquerons ici que l&#8217;usage externe sur la peau. Normalement et par prudence <strong>une huile essentielle doit \u00eatre dilu\u00e9e dans un support gras comme une huile v\u00e9g\u00e9tale<\/strong> (abricot, amande douce, s\u00e9same&#8230;) favorisant ainsi sa p\u00e9n\u00e9tration sans danger.La dilution courante est de 10 gouttes d&#8217;huile v\u00e9g\u00e9tale pour 2 gouttes d&#8217;huile essentielle(dilution \u00e0 20%).<\/p>\n<p>Pour un bain, diluer les huiles dans une base moussante: savon ou tasse de lait non \u00e9cr\u00e9m\u00e9 ou poudre d&#8217;algues. Utilis\u00e9e pures dans un bain, l&#8217;huile essentielle br\u00fblerait les muqueuses! Quelques exceptions: la lavande peut s&#8217;utiliser pure sur une br\u00fblure ainsi que le tea tree sur une coupure.<\/p>\n<p>Quel sont les pr\u00e9cautions \u00e0 prendre pour utiliser les Huile Essentielles Bio \u00e0 base d&#8217;agrume (citron, pamplemousse). Les huiles essentielles \u00e0 base d&#8217;agrumes sont photosensibilisantes, il ne faut donc jamais s&#8217;exposer au soleil apr\u00e8s leur utilisation.<\/p>\n<h2>Le gel d&#8217;Aloe vera peut-il \u00eatre utilis\u00e9 spontan\u00e9ment en interne et en externe?<\/h2>\n<p>L&#8217;alo\u00e9, plante adaptog\u00e8ne, est disponible en pr\u00e9paration \u00e0 usage interne et externe (cr\u00e8me, gel, jus, g\u00e9lules) . Un traitement en interne et en externe simultan\u00e9ment est parfaitement compatible. Par exemple, on pourra appliquer le gel sur des d\u00e9mangeaisons dues \u00e0 une candidose et parall\u00e8lement prendre l&#8217;alo\u00e9 en interne pour assainir la flore intestinale.<\/p>\n<h2>Pourquoi les cosm\u00e9tiques bio sont-ils de plus en plus connus ?<\/h2>\n<p>Les cosm\u00e9tiques bio sont de plus en plus connus, au m\u00eame titre que l&#8217;alimentation biologique et <strong>traduisent bien un d\u00e9sir de nature de plus en plus vif de la part des consommateurs.<\/strong><\/p>\n<h2>Quel produit est le plus \u00e9conomique ?<\/h2>\n<p>Le gel est tr\u00e8s r\u00e9cent, pr\u00e9sent\u00e9 souvent dans un bel emballage attractif, il diminue tr\u00e8s vite et n&#8217;est donc pas tr\u00e8s \u00e9conomique ni \u00e9cologique.<\/p>\n<p>un bon savon style savon d&#8217;Alep, savon au lait d&#8217;\u00e2nesse, aux plantes ayurv\u00e9diques, lave, d\u00e9sinfecte et hydrate. Il dure beaucoup plus longtemps que le gel, environ 2 mois pour une personne. Au final, une question de budget et d&#8217;affinit\u00e9s.<\/p>\n<h2>La limite de p\u00e9remption des cosm\u00e9tiques bio peut-elle \u00eatre d\u00e9pass\u00e9e?<\/h2>\n<p>Aucune inqui\u00e9tude pour les produits huileux car <strong>en dessous de 10% de phase aqueuse, les bact\u00e9ries ne profil\u00e8rent pas ou peu<\/strong>. Par contre pour les cr\u00e8mes, laits, la dur\u00e9e de p\u00e9remption doit \u00eatre imp\u00e9rativement respect\u00e9e.<\/p>","protected":false},"excerpt":{"rendered":"<p>FAQ cosm\u00e9tiques bio Quelle est la diff\u00e9rence entre une huile visage bio (huile d&#8217;argan) et une cr\u00e8me visage ? Une cr\u00e8me a tendance a \u00eatre com\u00e9dog\u00e8ne (bouche les pores) et l&#8217;huile est non com\u00e9dog\u00e8ne. L&#8217;huile d&#8217;argan par exemple utilis\u00e9e par les berb\u00e8res depuis des mill\u00e9naires assouplit, prot\u00e8ge la peau, aide \u00e0 cicatriser de la naissance [&hellip;]<\/p>\n","protected":false},"author":1,"featured_media":0,"parent":0,"menu_order":0,"comment_status":"closed","ping_status":"closed","template":"","meta":{"footnotes":""},"class_list":["post-45","page","type-page","status-publish","hentry"],"_links":{"self":[{"href":"https:\/\/santenature.websitedesign.fr\/index.php?rest_route=\/wp\/v2\/pages\/45","targetHints":{"allow":["GET"]}}],"collection":[{"href":"https:\/\/santenature.websitedesign.fr\/index.php?rest_route=\/wp\/v2\/pages"}],"about":[{"href":"https:\/\/santenature.websitedesign.fr\/index.php?rest_route=\/wp\/v2\/types\/page"}],"author":[{"embeddable":true,"href":"https:\/\/santenature.websitedesign.fr\/index.php?rest_route=\/wp\/v2\/users\/1"}],"replies":[{"embeddable":true,"href":"https:\/\/santenature.websitedesign.fr\/index.php?rest_route=%2Fwp%2Fv2%2Fcomments&post=45"}],"version-history":[{"count":0,"href":"https:\/\/santenature.websitedesign.fr\/index.php?rest_route=\/wp\/v2\/pages\/45\/revisions"}],"wp:attachment":[{"href":"https:\/\/santenature.websitedesign.fr\/index.php?rest_route=%2Fwp%2Fv2%2Fmedia&parent=45"}],"curies":[{"name":"wp","href":"https:\/\/api.w.org\/{rel}","templated":true}]}}